{"id":6642,"date":"2023-03-10T16:59:56","date_gmt":"2023-03-10T16:59:56","guid":{"rendered":"https:\/\/cafs.org.sa\/?page_id=6642"},"modified":"2023-03-14T17:15:31","modified_gmt":"2023-03-14T17:15:31","slug":"our-sector-committees","status":"publish","type":"page","link":"https:\/\/cafs.org.sa\/fr\/our-sector-committees\/","title":{"rendered":"Nos comit\u00e9s de secteur"},"content":{"rendered":"<div data-elementor-type=\"wp-page\" data-elementor-id=\"6642\" class=\"elementor elementor-6642\">\n\t\t\t\t\t\t<section class=\"elementor-section elementor-top-section elementor-element elementor-element-81e0188 elementor-section-boxed elementor-section-height-default elementor-section-height-default\" data-id=\"81e0188\" data-element_type=\"section\">\n\t\t\t\t\t\t<div class=\"elementor-container elementor-column-gap-default\">\n\t\t\t\t\t<div class=\"elementor-column elementor-col-100 elementor-top-column elementor-element elementor-element-7a8d968\" data-id=\"7a8d968\" data-element_type=\"column\">\n\t\t\t<div class=\"elementor-widget-wrap elementor-element-populated\">\n\t\t\t\t\t\t<div class=\"elementor-element elementor-element-8cf5125 elementor-widget elementor-widget-ova_heading\" data-id=\"8cf5125\" data-element_type=\"widget\" data-widget_type=\"ova_heading.default\">\n\t\t\t\t<div class=\"elementor-widget-container\">\n\t\t\t\t\t<div class=\"ova-heading\">\n\t\t\t\n\t\t\t\t\t\t\t<h3 class=\"title second_font\">Nos comit\u00e9s de secteur<\/h3>\n\t\t\t\n\t\t\t\n\t\t<\/div>\n\t\t\t\t<\/div>\n\t\t\t\t<\/div>\n\t\t\t\t\t<\/div>\n\t\t<\/div>\n\t\t\t\t\t<\/div>\n\t\t<\/section>\n\t\t\t\t<section class=\"elementor-section elementor-top-section elementor-element elementor-element-d2bef75 elementor-section-boxed elementor-section-height-default elementor-section-height-default\" data-id=\"d2bef75\" data-element_type=\"section\">\n\t\t\t\t\t\t<div class=\"elementor-container elementor-column-gap-default\">\n\t\t\t\t\t<div class=\"elementor-column elementor-col-100 elementor-top-column elementor-element elementor-element-00f3397\" data-id=\"00f3397\" data-element_type=\"column\">\n\t\t\t<div class=\"elementor-widget-wrap elementor-element-populated\">\n\t\t\t\t\t\t<div class=\"elementor-element elementor-element-c6c9ce2 elementor-widget elementor-widget-text-editor\" data-id=\"c6c9ce2\" data-element_type=\"widget\" data-widget_type=\"text-editor.default\">\n\t\t\t\t<div class=\"elementor-widget-container\">\n\t\t\t\t\t\t\t<p>Le CAFS g\u00e8re les 10 Comit\u00e9s Sectoriels suivants, qui ne sont ouverts qu'aux membres Corporate et Benefactor :<\/p><ul><li>A\u00e9rospatiale, D\u00e9fense, S\u00e9curit\u00e9 et Technologies de l'Information et des Communications (TIC)<\/li><li>Industrie Agricoalimentaire &amp; Agriculture<\/li><li>Beaut\u00e9 &amp; Luxe<\/li><li>Construction, Infrastructure, Urbanisme &amp; Architecture<\/li><li>Energie, Eau &amp; Environnement<\/li><li>Finance, Banque, Investissements, Fintech<\/li><li>Sant\u00e9 &amp; Pharmaceutique<\/li><li>H\u00f4tellerie, Ev\u00e9nements et Conf\u00e9rences, Loisirs, Sport et Tourisme<\/li><li>Industrie<\/li><li>Transport, Mobilit\u00e9 &amp; Logistique<\/li><\/ul><p>Ces Comit\u00e9s Sectoriels visent \u00e0 :<\/p><ul><li>Partager l&#039;information et la veille \u00e9conomique entre entreprises saoudiennes et fran\u00e7aises op\u00e9rant dans le m\u00eame secteur<\/li><li>Offrir des opportunit\u00e9s de r\u00e9seautage et cr\u00e9er des synergies entre les entreprises saoudiennes et fran\u00e7aises<\/li><li>Construire un consensus avec les entreprises op\u00e9rant dans le m\u00eame secteur sur la mani\u00e8re de promouvoir les opportunit\u00e9s et de d\u00e9velopper les relations commerciales en Arabie Saoudite et en France<\/li><li>Partager des renseignements commerciaux sur des secteurs sp\u00e9cifiques avec le public et les autorit\u00e9s en Arabie saoudite et en France<\/li><li>Construire et maintenir un dialogue avec les autorit\u00e9s saoudiennes et fran\u00e7aises sur des questions li\u00e9es \u00e0 des secteurs sp\u00e9cifiques<\/li><li>Pr\u00e9parer des contributions, des publications et des recommandations pour les autorit\u00e9s saoudiennes et fran\u00e7aises<\/li><li>Organiser des \u00e9v\u00e9nements, participer \u00e0 des d\u00e9l\u00e9gations et salons professionnels<\/li><li>Faciliter la formation, l&#039;\u00e9change de connaissances et le transfert de technologie entre l&#039;Arabie saoudite et la France<\/li><\/ul><p>Chaque Comit\u00e9 de Secteur est dirig\u00e9 par 2 Co-Pr\u00e9sidents (1 Saoudien + 1 Fran\u00e7ais), qui sont Sectoriel. Les copr\u00e9sidents des comit\u00e9s sectoriels sont invit\u00e9s \u00e0 participer en tant qu'observateurs aux r\u00e9unions du Comit\u00e9 Ex\u00e9cutif du CAFS, mais ne peuvent pas voter.<\/p><p>Nos comit\u00e9s sectoriels offrent \u00e0 nos membres la possibilit\u00e9 de :<\/p><ul><li>Rencontrez des dirigeants de votre secteur lors des comit\u00e9s r\u00e9guliers<\/li><li>Assister \u00e0 des r\u00e9unions avec des responsables saoudiens et fran\u00e7ais<\/li><li>Assister ou prendre la parole lors de webinaires, conf\u00e9rences et \u00e9v\u00e9nements organis\u00e9s sur des sujets sp\u00e9cifiques li\u00e9s \u00e0 votre secteur<\/li><li>Rencontrer et participer aux d\u00e9l\u00e9gations commerciales fran\u00e7aises venant en Arabie Saoudite<\/li><li>Participer aux d\u00e9l\u00e9gations commerciales se rendant en France<\/li><li>Participer aux visites de sites<\/li><li>Participer \u00e0 des salons et expositions<\/li><li>Contribuer \u00e0 la publication de livres blancs, guides et autres livrables<\/li><li>Acc\u00e9der \u00e0 la plateforme priv\u00e9e du comit\u00e9 sur l'espace de travail Slack du CAFS r\u00e9serv\u00e9 aux membres<\/li><li>Candidater \u00e0 l'\u00e9lection \u00e0 la copr\u00e9sidence de votre comit\u00e9 de secteur<\/li><\/ul><p>L'acc\u00e8s aux Comit\u00e9s Sectoriels est limit\u00e9 aux Membres Corporate et Benefactor, apr\u00e8s validation par le Comit\u00e9 Ex\u00e9cutif. La participation \u00e0 nos Comit\u00e9s Sectoriels est limit\u00e9e \u00e0 1 repr\u00e9sentant par entreprise membre et par comit\u00e9.<\/p>\t\t\t\t\t\t<\/div>\n\t\t\t\t<\/div>\n\t\t\t\t\t<\/div>\n\t\t<\/div>\n\t\t\t\t\t<\/div>\n\t\t<\/section>\n\t\t\t\t<\/div>","protected":false},"excerpt":{"rendered":"<p>Our Sector Committees The CAFS manages the following 10 Sector Committees, which are only open to Corporate and Benefactor members: Aerospace, Defense, Security, and Information &amp; Communications Technology (ICT) Agriculture &amp; Food industry Beauty &amp; Luxury Construction, Infrastructure, Urban planning &amp; Architecture Energy, Water &amp; Environment Finance, Banking, Investments, Fintech Healthcare &amp; Pharmaceuticals Hospitality, Events [&hellip;]<\/p>\n","protected":false},"author":2,"featured_media":0,"parent":0,"menu_order":0,"comment_status":"closed","ping_status":"closed","template":"","meta":{"om_disable_all_campaigns":false,"_monsterinsights_skip_tracking":false,"_monsterinsights_sitenote_active":false,"_monsterinsights_sitenote_note":"","_monsterinsights_sitenote_category":0,"footnotes":""},"class_list":["post-6642","page","type-page","status-publish","hentry"],"yoast_head":"<!-- This site is optimized with the Yoast SEO plugin v27.5 - https:\/\/yoast.com\/product\/yoast-seo-wordpress\/ -->\n<title>Our Sector Committees - CAFS KSA<\/title>\n<meta name=\"robots\" content=\"index, follow, max-snippet:-1, max-image-preview:large, max-video-preview:-1\" \/>\n<link rel=\"canonical\" href=\"https:\/\/cafs.org.sa\/fr\/our-sector-committees\/\" \/>\n<meta property=\"og:locale\" content=\"fr_FR\" \/>\n<meta property=\"og:type\" content=\"article\" \/>\n<meta property=\"og:title\" content=\"Our Sector Committees - CAFS KSA\" \/>\n<meta property=\"og:description\" content=\"Our Sector Committees The CAFS manages the following 10 Sector Committees, which are only open to Corporate and Benefactor members: Aerospace, Defense, Security, and Information &amp; Communications Technology (ICT) Agriculture &amp; Food industry Beauty &amp; Luxury Construction, Infrastructure, Urban planning &amp; Architecture Energy, Water &amp; Environment Finance, Banking, Investments, Fintech Healthcare &amp; Pharmaceuticals Hospitality, Events [&hellip;]\" \/>\n<meta property=\"og:url\" content=\"https:\/\/cafs.org.sa\/fr\/our-sector-committees\/\" \/>\n<meta property=\"og:site_name\" content=\"CAFS KSA\" \/>\n<meta property=\"article:publisher\" content=\"https:\/\/www.facebook.com\/people\/Saudi-French-Business-Council-CAFS\/100090006094494\/\" \/>\n<meta property=\"article:modified_time\" content=\"2023-03-14T17:15:31+00:00\" \/>\n<meta name=\"twitter:card\" content=\"summary_large_image\" \/>\n<meta name=\"twitter:site\" content=\"@SaudiCafs\" \/>\n<meta name=\"twitter:label1\" content=\"Dur\u00e9e de lecture estim\u00e9e\" \/>\n\t<meta name=\"twitter:data1\" content=\"2 minutes\" \/>\n<script type=\"application\/ld+json\" class=\"yoast-schema-graph\">{\"@context\":\"https:\\\/\\\/schema.org\",\"@graph\":[{\"@type\":\"WebPage\",\"@id\":\"https:\\\/\\\/cafs.org.sa\\\/our-sector-committees\\\/\",\"url\":\"https:\\\/\\\/cafs.org.sa\\\/our-sector-committees\\\/\",\"name\":\"Our Sector Committees - CAFS KSA\",\"isPartOf\":{\"@id\":\"https:\\\/\\\/cafs.org.sa\\\/#website\"},\"datePublished\":\"2023-03-10T16:59:56+00:00\",\"dateModified\":\"2023-03-14T17:15:31+00:00\",\"breadcrumb\":{\"@id\":\"https:\\\/\\\/cafs.org.sa\\\/our-sector-committees\\\/#breadcrumb\"},\"inLanguage\":\"fr-FR\",\"potentialAction\":[{\"@type\":\"ReadAction\",\"target\":[\"https:\\\/\\\/cafs.org.sa\\\/our-sector-committees\\\/\"]}]},{\"@type\":\"BreadcrumbList\",\"@id\":\"https:\\\/\\\/cafs.org.sa\\\/our-sector-committees\\\/#breadcrumb\",\"itemListElement\":[{\"@type\":\"ListItem\",\"position\":1,\"name\":\"Home\",\"item\":\"https:\\\/\\\/cafs.org.sa\\\/\"},{\"@type\":\"ListItem\",\"position\":2,\"name\":\"Our Sector Committees\"}]},{\"@type\":\"WebSite\",\"@id\":\"https:\\\/\\\/cafs.org.sa\\\/#website\",\"url\":\"https:\\\/\\\/cafs.org.sa\\\/\",\"name\":\"CAFS\",\"description\":\"\",\"publisher\":{\"@id\":\"https:\\\/\\\/cafs.org.sa\\\/#organization\"},\"potentialAction\":[{\"@type\":\"SearchAction\",\"target\":{\"@type\":\"EntryPoint\",\"urlTemplate\":\"https:\\\/\\\/cafs.org.sa\\\/?s={search_term_string}\"},\"query-input\":{\"@type\":\"PropertyValueSpecification\",\"valueRequired\":true,\"valueName\":\"search_term_string\"}}],\"inLanguage\":\"fr-FR\"},{\"@type\":\"Organization\",\"@id\":\"https:\\\/\\\/cafs.org.sa\\\/#organization\",\"name\":\"Conseil d'Affaires Franco Saoudien (CAFS)\",\"url\":\"https:\\\/\\\/cafs.org.sa\\\/\",\"logo\":{\"@type\":\"ImageObject\",\"inLanguage\":\"fr-FR\",\"@id\":\"https:\\\/\\\/cafs.org.sa\\\/#\\\/schema\\\/logo\\\/image\\\/\",\"url\":\"https:\\\/\\\/cafs.org.sa\\\/wp-content\\\/uploads\\\/2020\\\/07\\\/CAFS-Transparent-background.png\",\"contentUrl\":\"https:\\\/\\\/cafs.org.sa\\\/wp-content\\\/uploads\\\/2020\\\/07\\\/CAFS-Transparent-background.png\",\"width\":2208,\"height\":1470,\"caption\":\"Conseil d'Affaires Franco Saoudien (CAFS)\"},\"image\":{\"@id\":\"https:\\\/\\\/cafs.org.sa\\\/#\\\/schema\\\/logo\\\/image\\\/\"},\"sameAs\":[\"https:\\\/\\\/www.facebook.com\\\/people\\\/Saudi-French-Business-Council-CAFS\\\/100090006094494\\\/\",\"https:\\\/\\\/x.com\\\/SaudiCafs\",\"https:\\\/\\\/www.linkedin.com\\\/company\\\/saudi-french-business-council\\\/\",\"https:\\\/\\\/www.instagram.com\\\/cafs_ksa\\\/\",\"https:\\\/\\\/www.youtube.com\\\/@saudifrenchbusinesscouncilcafs\"]}]}<\/script>\n<!-- \/ Yoast SEO plugin. -->","yoast_head_json":{"title":"Our Sector Committees - CAFS KSA","robots":{"index":"index","follow":"follow","max-snippet":"max-snippet:-1","max-image-preview":"max-image-preview:large","max-video-preview":"max-video-preview:-1"},"canonical":"https:\/\/cafs.org.sa\/fr\/our-sector-committees\/","og_locale":"fr_FR","og_type":"article","og_title":"Our Sector Committees - CAFS KSA","og_description":"Our Sector Committees The CAFS manages the following 10 Sector Committees, which are only open to Corporate and Benefactor members: Aerospace, Defense, Security, and Information &amp; Communications Technology (ICT) Agriculture &amp; Food industry Beauty &amp; Luxury Construction, Infrastructure, Urban planning &amp; Architecture Energy, Water &amp; Environment Finance, Banking, Investments, Fintech Healthcare &amp; Pharmaceuticals Hospitality, Events [&hellip;]","og_url":"https:\/\/cafs.org.sa\/fr\/our-sector-committees\/","og_site_name":"CAFS KSA","article_publisher":"https:\/\/www.facebook.com\/people\/Saudi-French-Business-Council-CAFS\/100090006094494\/","article_modified_time":"2023-03-14T17:15:31+00:00","twitter_card":"summary_large_image","twitter_site":"@SaudiCafs","twitter_misc":{"Dur\u00e9e de lecture estim\u00e9e":"2 minutes"},"schema":{"@context":"https:\/\/schema.org","@graph":[{"@type":"WebPage","@id":"https:\/\/cafs.org.sa\/our-sector-committees\/","url":"https:\/\/cafs.org.sa\/our-sector-committees\/","name":"Our Sector Committees - CAFS KSA","isPartOf":{"@id":"https:\/\/cafs.org.sa\/#website"},"datePublished":"2023-03-10T16:59:56+00:00","dateModified":"2023-03-14T17:15:31+00:00","breadcrumb":{"@id":"https:\/\/cafs.org.sa\/our-sector-committees\/#breadcrumb"},"inLanguage":"fr-FR","potentialAction":[{"@type":"ReadAction","target":["https:\/\/cafs.org.sa\/our-sector-committees\/"]}]},{"@type":"BreadcrumbList","@id":"https:\/\/cafs.org.sa\/our-sector-committees\/#breadcrumb","itemListElement":[{"@type":"ListItem","position":1,"name":"Home","item":"https:\/\/cafs.org.sa\/"},{"@type":"ListItem","position":2,"name":"Our Sector Committees"}]},{"@type":"WebSite","@id":"https:\/\/cafs.org.sa\/#website","url":"https:\/\/cafs.org.sa\/","name":"CAFS","description":"","publisher":{"@id":"https:\/\/cafs.org.sa\/#organization"},"potentialAction":[{"@type":"SearchAction","target":{"@type":"EntryPoint","urlTemplate":"https:\/\/cafs.org.sa\/?s={search_term_string}"},"query-input":{"@type":"PropertyValueSpecification","valueRequired":true,"valueName":"search_term_string"}}],"inLanguage":"fr-FR"},{"@type":"Organization","@id":"https:\/\/cafs.org.sa\/#organization","name":"Conseil d'Affaires Franco Saoudien (CAFS)","url":"https:\/\/cafs.org.sa\/","logo":{"@type":"ImageObject","inLanguage":"fr-FR","@id":"https:\/\/cafs.org.sa\/#\/schema\/logo\/image\/","url":"https:\/\/cafs.org.sa\/wp-content\/uploads\/2020\/07\/CAFS-Transparent-background.png","contentUrl":"https:\/\/cafs.org.sa\/wp-content\/uploads\/2020\/07\/CAFS-Transparent-background.png","width":2208,"height":1470,"caption":"Conseil d'Affaires Franco Saoudien (CAFS)"},"image":{"@id":"https:\/\/cafs.org.sa\/#\/schema\/logo\/image\/"},"sameAs":["https:\/\/www.facebook.com\/people\/Saudi-French-Business-Council-CAFS\/100090006094494\/","https:\/\/x.com\/SaudiCafs","https:\/\/www.linkedin.com\/company\/saudi-french-business-council\/","https:\/\/www.instagram.com\/cafs_ksa\/","https:\/\/www.youtube.com\/@saudifrenchbusinesscouncilcafs"]}]}},"_links":{"self":[{"href":"https:\/\/cafs.org.sa\/fr\/wp-json\/wp\/v2\/pages\/6642","targetHints":{"allow":["GET"]}}],"collection":[{"href":"https:\/\/cafs.org.sa\/fr\/wp-json\/wp\/v2\/pages"}],"about":[{"href":"https:\/\/cafs.org.sa\/fr\/wp-json\/wp\/v2\/types\/page"}],"author":[{"embeddable":true,"href":"https:\/\/cafs.org.sa\/fr\/wp-json\/wp\/v2\/users\/2"}],"replies":[{"embeddable":true,"href":"https:\/\/cafs.org.sa\/fr\/wp-json\/wp\/v2\/comments?post=6642"}],"version-history":[{"count":13,"href":"https:\/\/cafs.org.sa\/fr\/wp-json\/wp\/v2\/pages\/6642\/revisions"}],"predecessor-version":[{"id":7409,"href":"https:\/\/cafs.org.sa\/fr\/wp-json\/wp\/v2\/pages\/6642\/revisions\/7409"}],"wp:attachment":[{"href":"https:\/\/cafs.org.sa\/fr\/wp-json\/wp\/v2\/media?parent=6642"}],"curies":[{"name":"wp","href":"https:\/\/api.w.org\/{rel}","templated":true}]}}