{"id":6006,"date":"2023-03-07T17:50:34","date_gmt":"2023-03-07T17:50:34","guid":{"rendered":"https:\/\/cafs.org.sa\/?page_id=6006"},"modified":"2023-03-22T09:21:51","modified_gmt":"2023-03-22T06:21:51","slug":"become-a-sponsor","status":"publish","type":"page","link":"https:\/\/cafs.org.sa\/fr\/become-a-sponsor\/","title":{"rendered":"Devenir Sponsor"},"content":{"rendered":"<div data-elementor-type=\"wp-page\" data-elementor-id=\"6006\" class=\"elementor elementor-6006\">\n\t\t\t\t\t\t<section class=\"elementor-section elementor-top-section elementor-element elementor-element-f01d237 elementor-section-boxed elementor-section-height-default elementor-section-height-default\" data-id=\"f01d237\" data-element_type=\"section\">\n\t\t\t\t\t\t<div class=\"elementor-container elementor-column-gap-default\">\n\t\t\t\t\t<div class=\"elementor-column elementor-col-100 elementor-top-column elementor-element elementor-element-139b0e8\" data-id=\"139b0e8\" data-element_type=\"column\">\n\t\t\t<div class=\"elementor-widget-wrap elementor-element-populated\">\n\t\t\t\t\t\t<div class=\"elementor-element elementor-element-bd926ee elementor-widget elementor-widget-ova_heading\" data-id=\"bd926ee\" data-element_type=\"widget\" data-widget_type=\"ova_heading.default\">\n\t\t\t\t<div class=\"elementor-widget-container\">\n\t\t\t\t\t<div class=\"ova-heading\">\n\t\t\t\n\t\t\t\t\t\t\t<h3 class=\"title second_font\">Devenez un sponsor<\/h3>\n\t\t\t\n\t\t\t\n\t\t<\/div>\n\t\t\t\t<\/div>\n\t\t\t\t<\/div>\n\t\t\t\t\t<\/div>\n\t\t<\/div>\n\t\t\t\t\t<\/div>\n\t\t<\/section>\n\t\t\t\t<section class=\"elementor-section elementor-top-section elementor-element elementor-element-297693e5 elementor-section-boxed elementor-section-height-default elementor-section-height-default\" data-id=\"297693e5\" data-element_type=\"section\">\n\t\t\t\t\t\t<div class=\"elementor-container elementor-column-gap-default\">\n\t\t\t\t\t<div class=\"elementor-column elementor-col-100 elementor-top-column elementor-element elementor-element-1827d640\" data-id=\"1827d640\" data-element_type=\"column\">\n\t\t\t<div class=\"elementor-widget-wrap elementor-element-populated\">\n\t\t\t\t\t\t<div class=\"elementor-element elementor-element-15f8f654 elementor-widget elementor-widget-text-editor\" data-id=\"15f8f654\" data-element_type=\"widget\" data-widget_type=\"text-editor.default\">\n\t\t\t\t<div class=\"elementor-widget-container\">\n\t\t\t\t\t\t\t<p><!-- wp:paragraph --><\/p>\n<p>Sponsoriser nos \u00e9v\u00e9nements vous donne l&#039;opportunit\u00e9 d&#039;associer votre image \u00e0 notre organisation r\u00e9put\u00e9e, de toucher de nouvelles cibles tant en Arabie Saoudite qu&#039;en France, et de booster votre visibilit\u00e9 gr\u00e2ce \u00e0 nos canaux de communication.<\/p>\n<p><!-- \/wp:paragraph --><!-- wp:paragraph --><\/p>\n<p>Veuillez trouver ci-dessous les diff\u00e9rents forfaits de parrainage que nous proposons, et les avantages offerts avec chacun d&#039;eux :<\/p>\n<p><!-- \/wp:paragraph --><\/p>\n<table class=\"tg\">\n<thead>\n<tr>\n<th class=\"tg-8wgz\">FORFAITS DE SPONSORING<\/th>\n<th class=\"tg-t6c5\">Platinum Sponsor<\/th>\n<th class=\"tg-t6c5\">Gold Sponsor<\/th>\n<th class=\"tg-t6c5\">Silver Sponsor<\/th>\n<\/tr>\n<\/thead>\n<tbody>\n<tr>\n<td class=\"tg-u3rj\">&nbsp;<\/td>\n<td class=\"tg-agwi\"><strong>30 000 SAR<\/strong><\/td>\n<td class=\"tg-agwi\"><strong>10 000 SAR<\/strong><\/td>\n<td class=\"tg-agwi\"><strong>5 000 SAR<\/strong><\/td>\n<\/tr>\n<tr>\n<td class=\"tg-u3rj\">Entr\u00e9es gratuites pour les \u00e9v\u00e9nements de r\u00e9seautage <em>(des frais suppl\u00e9mentaires pour les d\u00e9jeuners et les d\u00eeners peuvent s&#039;appliquer)<\/em><\/td>\n<td class=\"tg-xrz7\">5<\/td>\n<td class=\"tg-xrz7\">2<\/td>\n<td class=\"tg-xrz7\">1<\/td>\n<\/tr>\n<tr>\n<td class=\"tg-u3rj\">Position de \u00ab\u00a0sponsor principal\u00a0\u00bb sur toutes les communications<\/td>\n<td class=\"tg-xrz7\">\u25cf<\/td>\n<td class=\"tg-xrz7\">&nbsp;<\/td>\n<td class=\"tg-xrz7\">&nbsp;<\/td>\n<\/tr>\n<tr>\n<td class=\"tg-9ecg\" colspan=\"4\"><strong>COMMUNICATION SUR SITE<\/strong><\/td>\n<\/tr>\n<tr>\n<td class=\"tg-u3rj\">Stand \u00e0 l&#039;entr\u00e9e de l&#039;\u00e9v\u00e9nement<\/td>\n<td class=\"tg-xrz7\">\u25cf<\/td>\n<td class=\"tg-xrz7\">&nbsp;<\/td>\n<td class=\"tg-xrz7\">&nbsp;<\/td>\n<\/tr>\n<tr>\n<td class=\"tg-u3rj\">Pr\u00e9sentation personnalis\u00e9e aux VIP lors de l&#039;\u00e9v\u00e9nement<\/td>\n<td class=\"tg-xrz7\">\u25cf<\/td>\n<td class=\"tg-xrz7\">&nbsp;<\/td>\n<td class=\"tg-xrz7\">&nbsp;<\/td>\n<\/tr>\n<tr>\n<td class=\"tg-u3rj\">Roll-ups \u00e0 l'int\u00e9rieur de la salle<\/td>\n<td class=\"tg-xrz7\">3<\/td>\n<td class=\"tg-xrz7\">1<\/td>\n<td class=\"tg-xrz7\">&nbsp;<\/td>\n<\/tr>\n<tr>\n<td class=\"tg-u3rj\">Logo sur diaporamas pendant l'\u00e9v\u00e9nement<\/td>\n<td class=\"tg-xrz7\">\u25cf<\/td>\n<td class=\"tg-xrz7\">\u25cf<\/td>\n<td class=\"tg-xrz7\">&nbsp;<\/td>\n<\/tr>\n<tr>\n<td class=\"tg-u3rj\">Mention du soutien dans le discours d'ouverture<\/td>\n<td class=\"tg-xrz7\">\u25cf<\/td>\n<td class=\"tg-xrz7\">\u25cf<\/td>\n<td class=\"tg-xrz7\">\u25cf<\/td>\n<\/tr>\n<tr>\n<td class=\"tg-6q0k\" colspan=\"4\"><strong>PHOTOS DE L&#039;\u00c9V\u00c9NEMENT<\/strong><\/td>\n<\/tr>\n<tr>\n<td class=\"tg-u3rj\">Participation \u00e0 la photo de groupe avec les officiels<\/td>\n<td class=\"tg-xrz7\">\u25cf<\/td>\n<td class=\"tg-xrz7\">&nbsp;<\/td>\n<td class=\"tg-xrz7\">&nbsp;<\/td>\n<\/tr>\n<tr>\n<td class=\"tg-u3rj\">Photos avec roll-ups et logos dans l&#039;album en ligne de l&#039;\u00e9v\u00e9nement<\/td>\n<td class=\"tg-xrz7\">\u25cf<\/td>\n<td class=\"tg-xrz7\">\u25cf<\/td>\n<td class=\"tg-xrz7\">&nbsp;<\/td>\n<\/tr>\n<tr>\n<td class=\"tg-u3rj\">Photos des participants avec mention dans l&#039;album en ligne de l&#039;\u00e9v\u00e9nement<\/td>\n<td class=\"tg-xrz7\">\u25cf<\/td>\n<td class=\"tg-xrz7\">\u25cf<\/td>\n<td class=\"tg-xrz7\">\u25cf<\/td>\n<\/tr>\n<tr>\n<td class=\"tg-vbsn\" colspan=\"4\"><strong>SITE WEB CAFS (PAGE \u00c9V\u00c9NEMENT)<\/strong><\/td>\n<\/tr>\n<tr>\n<td class=\"tg-u3rj\">Logo sur la banni\u00e8re de l&#039;\u00e9v\u00e9nement<\/td>\n<td class=\"tg-xrz7\">\u25cf<\/td>\n<td class=\"tg-xrz7\">\u25cf<\/td>\n<td class=\"tg-xrz7\">&nbsp;<\/td>\n<\/tr>\n<tr>\n<td class=\"tg-u3rj\">Logo sur la page de l'\u00e9v\u00e9nement sur le site Web du CAFS<\/td>\n<td class=\"tg-xrz7\">\u25cf<\/td>\n<td class=\"tg-xrz7\">\u25cf<\/td>\n<td class=\"tg-xrz7\">&nbsp;<\/td>\n<\/tr>\n<tr>\n<td class=\"tg-u3rj\">Lien vers votre site dans la pr\u00e9sentation de l'\u00e9v\u00e9nement<\/td>\n<td class=\"tg-xrz7\">\u25cf<\/td>\n<td class=\"tg-xrz7\">\u25cf<\/td>\n<td class=\"tg-xrz7\">&nbsp;<\/td>\n<\/tr>\n<tr>\n<td class=\"tg-u3rj\">Mention du soutien dans la pr\u00e9sentation en ligne de l'\u00e9v\u00e9nement<\/td>\n<td class=\"tg-xrz7\">\u25cf<\/td>\n<td class=\"tg-xrz7\">\u25cf<\/td>\n<td class=\"tg-xrz7\">\u25cf<\/td>\n<\/tr>\n<tr>\n<td class=\"tg-51zz\" colspan=\"4\"><strong>M\u00c9DIAS SOCIAUX DU CAFS<\/strong><\/td>\n<\/tr>\n<tr>\n<td class=\"tg-u3rj\">Message individuel avec logo mentionnant le soutien \u00e0 l&#039;\u00e9v\u00e9nement<\/td>\n<td class=\"tg-xrz7\">\u25cf<\/td>\n<td class=\"tg-xrz7\">&nbsp;<\/td>\n<td class=\"tg-xrz7\">&nbsp;<\/td>\n<\/tr>\n<tr>\n<td class=\"tg-u3rj\">Logo sur la banni\u00e8re de l&#039;\u00e9v\u00e9nement<\/td>\n<td class=\"tg-xrz7\">\u25cf<\/td>\n<td class=\"tg-xrz7\">\u25cf<\/td>\n<td class=\"tg-xrz7\">&nbsp;<\/td>\n<\/tr>\n<tr>\n<td class=\"tg-u3rj\">Mention du soutien dans tous les messages sur l'\u00e9v\u00e9nement<\/td>\n<td class=\"tg-xrz7\">\u25cf<\/td>\n<td class=\"tg-xrz7\">\u25cf<\/td>\n<td class=\"tg-xrz7\">\u25cf<\/td>\n<\/tr>\n<tr>\n<td class=\"tg-vodz\" colspan=\"4\"><strong>CAMPAGNES EMAILING + NEWSLETTERS<\/strong><\/td>\n<\/tr>\n<tr>\n<td class=\"tg-u3rj\">Logo sur la banni\u00e8re de l&#039;\u00e9v\u00e9nement<\/td>\n<td class=\"tg-xrz7\">\u25cf<\/td>\n<td class=\"tg-xrz7\">\u25cf<\/td>\n<td class=\"tg-xrz7\">&nbsp;<\/td>\n<\/tr>\n<tr>\n<td class=\"tg-u3rj\">Logo dans le corps de tous les e-mails\/articles concernant l'\u00e9v\u00e9nement<\/td>\n<td class=\"tg-xrz7\">\u25cf<\/td>\n<td class=\"tg-xrz7\">\u25cf<\/td>\n<td class=\"tg-xrz7\">&nbsp;<\/td>\n<\/tr>\n<tr>\n<td class=\"tg-u3rj\">Mention du soutien dans tous les e-mails concernant l'\u00e9v\u00e9nement<\/td>\n<td class=\"tg-xrz7\">\u25cf<\/td>\n<td class=\"tg-xrz7\">\u25cf<\/td>\n<td class=\"tg-xrz7\">\u25cf<\/td>\n<\/tr>\n<\/tbody>\n<\/table>\n<p><!-- wp:paragraph --><\/p>\n<p>Pour plus d&#039;informations ou pour parrainer l&#039;un de nos \u00e9v\u00e9nements, veuillez nous contacter par email \u00e0 <a href=\"mailto:info@cafs.org.sa\">info@cafs.org.sa<\/a><\/p>\n<p><!-- \/wp:paragraph --><\/p>\t\t\t\t\t\t<\/div>\n\t\t\t\t<\/div>\n\t\t\t\t\t<\/div>\n\t\t<\/div>\n\t\t\t\t\t<\/div>\n\t\t<\/section>\n\t\t\t\t<\/div>","protected":false},"excerpt":{"rendered":"<p>Become A Sponsor Sponsoring our events gives you the opportunity to associate your image with our reputed organisation, to reach new targets in both Saudi Arabia and in France, and to boost your visibility thank to our communication channels. Please find here below the different sponsorship packages that we propose, and the benefits offer with [&hellip;]<\/p>\n","protected":false},"author":2,"featured_media":0,"parent":0,"menu_order":0,"comment_status":"closed","ping_status":"closed","template":"","meta":{"om_disable_all_campaigns":false,"_monsterinsights_skip_tracking":false,"_monsterinsights_sitenote_active":false,"_monsterinsights_sitenote_note":"","_monsterinsights_sitenote_category":0,"footnotes":""},"class_list":["post-6006","page","type-page","status-publish","hentry"],"yoast_head":"<!-- This site is optimized with the Yoast SEO plugin v27.5 - https:\/\/yoast.com\/product\/yoast-seo-wordpress\/ -->\n<title>Become a sponsor - CAFS KSA<\/title>\n<meta name=\"robots\" content=\"index, follow, max-snippet:-1, max-image-preview:large, max-video-preview:-1\" \/>\n<link rel=\"canonical\" href=\"https:\/\/cafs.org.sa\/fr\/become-a-sponsor\/\" \/>\n<meta property=\"og:locale\" content=\"fr_FR\" \/>\n<meta property=\"og:type\" content=\"article\" \/>\n<meta property=\"og:title\" content=\"Become a sponsor - CAFS KSA\" \/>\n<meta property=\"og:description\" content=\"Become A Sponsor Sponsoring our events gives you the opportunity to associate your image with our reputed organisation, to reach new targets in both Saudi Arabia and in France, and to boost your visibility thank to our communication channels. Please find here below the different sponsorship packages that we propose, and the benefits offer with [&hellip;]\" \/>\n<meta property=\"og:url\" content=\"https:\/\/cafs.org.sa\/fr\/become-a-sponsor\/\" \/>\n<meta property=\"og:site_name\" content=\"CAFS KSA\" \/>\n<meta property=\"article:publisher\" content=\"https:\/\/www.facebook.com\/people\/Saudi-French-Business-Council-CAFS\/100090006094494\/\" \/>\n<meta property=\"article:modified_time\" content=\"2023-03-22T06:21:51+00:00\" \/>\n<meta name=\"twitter:card\" content=\"summary_large_image\" \/>\n<meta name=\"twitter:site\" content=\"@SaudiCafs\" \/>\n<meta name=\"twitter:label1\" content=\"Dur\u00e9e de lecture estim\u00e9e\" \/>\n\t<meta name=\"twitter:data1\" content=\"1 minute\" \/>\n<script type=\"application\/ld+json\" class=\"yoast-schema-graph\">{\"@context\":\"https:\\\/\\\/schema.org\",\"@graph\":[{\"@type\":\"WebPage\",\"@id\":\"https:\\\/\\\/cafs.org.sa\\\/become-a-sponsor\\\/\",\"url\":\"https:\\\/\\\/cafs.org.sa\\\/become-a-sponsor\\\/\",\"name\":\"Become a sponsor - CAFS KSA\",\"isPartOf\":{\"@id\":\"https:\\\/\\\/cafs.org.sa\\\/#website\"},\"datePublished\":\"2023-03-07T17:50:34+00:00\",\"dateModified\":\"2023-03-22T06:21:51+00:00\",\"breadcrumb\":{\"@id\":\"https:\\\/\\\/cafs.org.sa\\\/become-a-sponsor\\\/#breadcrumb\"},\"inLanguage\":\"fr-FR\",\"potentialAction\":[{\"@type\":\"ReadAction\",\"target\":[\"https:\\\/\\\/cafs.org.sa\\\/become-a-sponsor\\\/\"]}]},{\"@type\":\"BreadcrumbList\",\"@id\":\"https:\\\/\\\/cafs.org.sa\\\/become-a-sponsor\\\/#breadcrumb\",\"itemListElement\":[{\"@type\":\"ListItem\",\"position\":1,\"name\":\"Home\",\"item\":\"https:\\\/\\\/cafs.org.sa\\\/\"},{\"@type\":\"ListItem\",\"position\":2,\"name\":\"Become a sponsor\"}]},{\"@type\":\"WebSite\",\"@id\":\"https:\\\/\\\/cafs.org.sa\\\/#website\",\"url\":\"https:\\\/\\\/cafs.org.sa\\\/\",\"name\":\"CAFS\",\"description\":\"\",\"publisher\":{\"@id\":\"https:\\\/\\\/cafs.org.sa\\\/#organization\"},\"potentialAction\":[{\"@type\":\"SearchAction\",\"target\":{\"@type\":\"EntryPoint\",\"urlTemplate\":\"https:\\\/\\\/cafs.org.sa\\\/?s={search_term_string}\"},\"query-input\":{\"@type\":\"PropertyValueSpecification\",\"valueRequired\":true,\"valueName\":\"search_term_string\"}}],\"inLanguage\":\"fr-FR\"},{\"@type\":\"Organization\",\"@id\":\"https:\\\/\\\/cafs.org.sa\\\/#organization\",\"name\":\"Conseil d'Affaires Franco Saoudien (CAFS)\",\"url\":\"https:\\\/\\\/cafs.org.sa\\\/\",\"logo\":{\"@type\":\"ImageObject\",\"inLanguage\":\"fr-FR\",\"@id\":\"https:\\\/\\\/cafs.org.sa\\\/#\\\/schema\\\/logo\\\/image\\\/\",\"url\":\"https:\\\/\\\/cafs.org.sa\\\/wp-content\\\/uploads\\\/2020\\\/07\\\/CAFS-Transparent-background.png\",\"contentUrl\":\"https:\\\/\\\/cafs.org.sa\\\/wp-content\\\/uploads\\\/2020\\\/07\\\/CAFS-Transparent-background.png\",\"width\":2208,\"height\":1470,\"caption\":\"Conseil d'Affaires Franco Saoudien (CAFS)\"},\"image\":{\"@id\":\"https:\\\/\\\/cafs.org.sa\\\/#\\\/schema\\\/logo\\\/image\\\/\"},\"sameAs\":[\"https:\\\/\\\/www.facebook.com\\\/people\\\/Saudi-French-Business-Council-CAFS\\\/100090006094494\\\/\",\"https:\\\/\\\/x.com\\\/SaudiCafs\",\"https:\\\/\\\/www.linkedin.com\\\/company\\\/saudi-french-business-council\\\/\",\"https:\\\/\\\/www.instagram.com\\\/cafs_ksa\\\/\",\"https:\\\/\\\/www.youtube.com\\\/@saudifrenchbusinesscouncilcafs\"]}]}<\/script>\n<!-- \/ Yoast SEO plugin. -->","yoast_head_json":{"title":"Become a sponsor - CAFS KSA","robots":{"index":"index","follow":"follow","max-snippet":"max-snippet:-1","max-image-preview":"max-image-preview:large","max-video-preview":"max-video-preview:-1"},"canonical":"https:\/\/cafs.org.sa\/fr\/become-a-sponsor\/","og_locale":"fr_FR","og_type":"article","og_title":"Become a sponsor - CAFS KSA","og_description":"Become A Sponsor Sponsoring our events gives you the opportunity to associate your image with our reputed organisation, to reach new targets in both Saudi Arabia and in France, and to boost your visibility thank to our communication channels. Please find here below the different sponsorship packages that we propose, and the benefits offer with [&hellip;]","og_url":"https:\/\/cafs.org.sa\/fr\/become-a-sponsor\/","og_site_name":"CAFS KSA","article_publisher":"https:\/\/www.facebook.com\/people\/Saudi-French-Business-Council-CAFS\/100090006094494\/","article_modified_time":"2023-03-22T06:21:51+00:00","twitter_card":"summary_large_image","twitter_site":"@SaudiCafs","twitter_misc":{"Dur\u00e9e de lecture estim\u00e9e":"1 minute"},"schema":{"@context":"https:\/\/schema.org","@graph":[{"@type":"WebPage","@id":"https:\/\/cafs.org.sa\/become-a-sponsor\/","url":"https:\/\/cafs.org.sa\/become-a-sponsor\/","name":"Become a sponsor - CAFS KSA","isPartOf":{"@id":"https:\/\/cafs.org.sa\/#website"},"datePublished":"2023-03-07T17:50:34+00:00","dateModified":"2023-03-22T06:21:51+00:00","breadcrumb":{"@id":"https:\/\/cafs.org.sa\/become-a-sponsor\/#breadcrumb"},"inLanguage":"fr-FR","potentialAction":[{"@type":"ReadAction","target":["https:\/\/cafs.org.sa\/become-a-sponsor\/"]}]},{"@type":"BreadcrumbList","@id":"https:\/\/cafs.org.sa\/become-a-sponsor\/#breadcrumb","itemListElement":[{"@type":"ListItem","position":1,"name":"Home","item":"https:\/\/cafs.org.sa\/"},{"@type":"ListItem","position":2,"name":"Become a sponsor"}]},{"@type":"WebSite","@id":"https:\/\/cafs.org.sa\/#website","url":"https:\/\/cafs.org.sa\/","name":"CAFS","description":"","publisher":{"@id":"https:\/\/cafs.org.sa\/#organization"},"potentialAction":[{"@type":"SearchAction","target":{"@type":"EntryPoint","urlTemplate":"https:\/\/cafs.org.sa\/?s={search_term_string}"},"query-input":{"@type":"PropertyValueSpecification","valueRequired":true,"valueName":"search_term_string"}}],"inLanguage":"fr-FR"},{"@type":"Organization","@id":"https:\/\/cafs.org.sa\/#organization","name":"Conseil d'Affaires Franco Saoudien (CAFS)","url":"https:\/\/cafs.org.sa\/","logo":{"@type":"ImageObject","inLanguage":"fr-FR","@id":"https:\/\/cafs.org.sa\/#\/schema\/logo\/image\/","url":"https:\/\/cafs.org.sa\/wp-content\/uploads\/2020\/07\/CAFS-Transparent-background.png","contentUrl":"https:\/\/cafs.org.sa\/wp-content\/uploads\/2020\/07\/CAFS-Transparent-background.png","width":2208,"height":1470,"caption":"Conseil d'Affaires Franco Saoudien (CAFS)"},"image":{"@id":"https:\/\/cafs.org.sa\/#\/schema\/logo\/image\/"},"sameAs":["https:\/\/www.facebook.com\/people\/Saudi-French-Business-Council-CAFS\/100090006094494\/","https:\/\/x.com\/SaudiCafs","https:\/\/www.linkedin.com\/company\/saudi-french-business-council\/","https:\/\/www.instagram.com\/cafs_ksa\/","https:\/\/www.youtube.com\/@saudifrenchbusinesscouncilcafs"]}]}},"_links":{"self":[{"href":"https:\/\/cafs.org.sa\/fr\/wp-json\/wp\/v2\/pages\/6006","targetHints":{"allow":["GET"]}}],"collection":[{"href":"https:\/\/cafs.org.sa\/fr\/wp-json\/wp\/v2\/pages"}],"about":[{"href":"https:\/\/cafs.org.sa\/fr\/wp-json\/wp\/v2\/types\/page"}],"author":[{"embeddable":true,"href":"https:\/\/cafs.org.sa\/fr\/wp-json\/wp\/v2\/users\/2"}],"replies":[{"embeddable":true,"href":"https:\/\/cafs.org.sa\/fr\/wp-json\/wp\/v2\/comments?post=6006"}],"version-history":[{"count":40,"href":"https:\/\/cafs.org.sa\/fr\/wp-json\/wp\/v2\/pages\/6006\/revisions"}],"predecessor-version":[{"id":8686,"href":"https:\/\/cafs.org.sa\/fr\/wp-json\/wp\/v2\/pages\/6006\/revisions\/8686"}],"wp:attachment":[{"href":"https:\/\/cafs.org.sa\/fr\/wp-json\/wp\/v2\/media?parent=6006"}],"curies":[{"name":"wp","href":"https:\/\/api.w.org\/{rel}","templated":true}]}}