{"id":5484,"date":"2023-02-28T16:48:48","date_gmt":"2023-02-28T16:48:48","guid":{"rendered":"https:\/\/cafs.org.sa\/?page_id=5484"},"modified":"2023-03-29T11:24:55","modified_gmt":"2023-03-29T08:24:55","slug":"overview","status":"publish","type":"page","link":"https:\/\/cafs.org.sa\/fr\/overview\/","title":{"rendered":"Introduction"},"content":{"rendered":"<div data-elementor-type=\"wp-page\" data-elementor-id=\"5484\" class=\"elementor elementor-5484\">\n\t\t\t\t\t\t<section class=\"elementor-section elementor-top-section elementor-element elementor-element-c775f8e elementor-section-boxed elementor-section-height-default elementor-section-height-default\" data-id=\"c775f8e\" data-element_type=\"section\">\n\t\t\t\t\t\t<div class=\"elementor-container elementor-column-gap-default\">\n\t\t\t\t\t<div class=\"elementor-column elementor-col-100 elementor-top-column elementor-element elementor-element-e4bb5fe\" data-id=\"e4bb5fe\" data-element_type=\"column\">\n\t\t\t<div class=\"elementor-widget-wrap elementor-element-populated\">\n\t\t\t\t\t\t<div class=\"elementor-element elementor-element-daa436d elementor-widget elementor-widget-ova_heading\" data-id=\"daa436d\" data-element_type=\"widget\" data-widget_type=\"ova_heading.default\">\n\t\t\t\t<div class=\"elementor-widget-container\">\n\t\t\t\t\t<div class=\"ova-heading\">\n\t\t\t\n\t\t\t\t\t\t\t<h3 class=\"title second_font\">Introduction<\/h3>\n\t\t\t\n\t\t\t\n\t\t<\/div>\n\t\t\t\t<\/div>\n\t\t\t\t<\/div>\n\t\t\t\t\t<\/div>\n\t\t<\/div>\n\t\t\t\t\t<\/div>\n\t\t<\/section>\n\t\t\t\t<section class=\"elementor-section elementor-top-section elementor-element elementor-element-d4e6b36 elementor-section-boxed elementor-section-height-default elementor-section-height-default\" data-id=\"d4e6b36\" data-element_type=\"section\">\n\t\t\t\t\t\t<div class=\"elementor-container elementor-column-gap-default\">\n\t\t\t\t\t<div class=\"elementor-column elementor-col-50 elementor-top-column elementor-element elementor-element-1ecf66b\" data-id=\"1ecf66b\" data-element_type=\"column\">\n\t\t\t<div class=\"elementor-widget-wrap elementor-element-populated\">\n\t\t\t\t\t\t<div class=\"elementor-element elementor-element-1e95c84 elementor-widget elementor-widget-text-editor\" data-id=\"1e95c84\" data-element_type=\"widget\" data-widget_type=\"text-editor.default\">\n\t\t\t\t<div class=\"elementor-widget-container\">\n\t\t\t\t\t\t\t<p>Le CAFS, Conseil d\u2019Affaires Franco Saoudien, fut l\u2019un des premiers conseils d\u2019affaires enregistr\u00e9s par D\u00e9cret Royal sous le Conseil Saoudien des Chambres de Commerce en 2003.<\/p><p>Il est le premier conseil d'affaires saoudien \u00e0 recevoir l'autorisation d'ouvrir son adh\u00e9sion aux entreprises \u00e9trang\u00e8res en 2023.<\/p><p><strong>C&#039;est le lieu de rencontre des entreprises fran\u00e7aises et saoudiennes.<\/strong><\/p><p>Association \u00e0 but non lucratif d\u00e9pendant de ses membres et de ses activit\u00e9s pour son financement, le CAFS est un groupement \u00e9conomique repr\u00e9sentant \u00e0 la fois les communaut\u00e9s d'affaires saoudiennes et fran\u00e7aises au Royaume d'Arabie Saoudite, et regroupant des entreprises souhaitant op\u00e9rer en Arabie Saoudite et\/ou en France. Il vise \u00e9galement \u00e0 d\u00e9velopper les relations commerciales entre les deux pays.<\/p><p>Les objectifs du CAFS sont de :<\/p><ul><li>D\u00e9velopper les relations entre les communaut\u00e9s d\u2019affaires fran\u00e7aise et saoudienne.<\/li><li>Encourager les exports et les \u00e9changes de biens et de services, au moyen de communications, d\u2019informations et de visites d\u2019affaires dans les deux pays.<\/li><li>Communiquer avec les autorit\u00e9s des deux pays pour am\u00e9liorer la coop\u00e9ration et \u00e9liminer les obstacles.<\/li><li>Encourager la construction de projets \u00e9conomiques dans les deux pays en identifiant les meilleurs canaux de financement et en informant les hommes d&#039;affaires.<\/li><li>Aider \u00e0 trouver un accord amiable \u00e0 toute possible dispute commerciale entre des entreprises des deux pays.<\/li><li>Focaliser sur la formation, le transfert de technologie, et l\u2019acc\u00e8s \u00e0 des programmes d\u2019\u00e9changes.<\/li><\/ul>\t\t\t\t\t\t<\/div>\n\t\t\t\t<\/div>\n\t\t\t\t\t<\/div>\n\t\t<\/div>\n\t\t\t\t<div class=\"elementor-column elementor-col-50 elementor-top-column elementor-element elementor-element-2713f3f\" data-id=\"2713f3f\" data-element_type=\"column\">\n\t\t\t<div class=\"elementor-widget-wrap elementor-element-populated\">\n\t\t\t\t\t\t<div class=\"elementor-element elementor-element-0763a5f elementor-widget elementor-widget-image\" data-id=\"0763a5f\" data-element_type=\"widget\" data-widget_type=\"image.default\">\n\t\t\t\t<div class=\"elementor-widget-container\">\n\t\t\t\t\t\t\t\t\t\t\t\t\t<img fetchpriority=\"high\" decoding=\"async\" width=\"620\" height=\"563\" src=\"https:\/\/cafs.org.sa\/wp-content\/uploads\/2023\/03\/Overview-1.jpg\" class=\"attachment-large size-large wp-image-6472\" alt=\"\" srcset=\"https:\/\/cafs.org.sa\/wp-content\/uploads\/2023\/03\/Overview-1.jpg 620w, https:\/\/cafs.org.sa\/wp-content\/uploads\/2023\/03\/Overview-1-300x272.jpg 300w, https:\/\/cafs.org.sa\/wp-content\/uploads\/2023\/03\/Overview-1-600x545.jpg 600w, https:\/\/cafs.org.sa\/wp-content\/uploads\/2023\/03\/Overview-1-560x509.jpg 560w\" sizes=\"(max-width: 620px) 100vw, 620px\" \/>\t\t\t\t\t\t\t\t\t\t\t\t\t<\/div>\n\t\t\t\t<\/div>\n\t\t\t\t<div class=\"elementor-element elementor-element-e26f05f elementor-widget elementor-widget-image\" data-id=\"e26f05f\" data-element_type=\"widget\" data-widget_type=\"image.default\">\n\t\t\t\t<div class=\"elementor-widget-container\">\n\t\t\t\t\t\t\t\t\t\t\t\t\t<img decoding=\"async\" width=\"620\" height=\"563\" src=\"https:\/\/cafs.org.sa\/wp-content\/uploads\/2023\/03\/Overview-3.jpg\" class=\"attachment-large size-large wp-image-6473\" alt=\"\" srcset=\"https:\/\/cafs.org.sa\/wp-content\/uploads\/2023\/03\/Overview-3.jpg 620w, https:\/\/cafs.org.sa\/wp-content\/uploads\/2023\/03\/Overview-3-300x272.jpg 300w, https:\/\/cafs.org.sa\/wp-content\/uploads\/2023\/03\/Overview-3-600x545.jpg 600w, https:\/\/cafs.org.sa\/wp-content\/uploads\/2023\/03\/Overview-3-560x509.jpg 560w\" sizes=\"(max-width: 620px) 100vw, 620px\" \/>\t\t\t\t\t\t\t\t\t\t\t\t\t<\/div>\n\t\t\t\t<\/div>\n\t\t\t\t\t<\/div>\n\t\t<\/div>\n\t\t\t\t\t<\/div>\n\t\t<\/section>\n\t\t\t\t<\/div>","protected":false},"excerpt":{"rendered":"<p>Overview The CAFS, Conseil d\u2019Affaires Franco Saoudien (Saudi-French Business Council), was one of the first business councils registered by Royal Decree under the Saudi Council of Chambers of Commerce in 2003. It was the first Saudi business council to receive the authorisation to open its membership to foreign companies in 2023. It is the place [&hellip;]<\/p>\n","protected":false},"author":2,"featured_media":0,"parent":0,"menu_order":0,"comment_status":"closed","ping_status":"closed","template":"","meta":{"om_disable_all_campaigns":false,"_monsterinsights_skip_tracking":false,"_monsterinsights_sitenote_active":false,"_monsterinsights_sitenote_note":"","_monsterinsights_sitenote_category":0,"footnotes":""},"class_list":["post-5484","page","type-page","status-publish","hentry"],"yoast_head":"<!-- This site is optimized with the Yoast SEO plugin v27.5 - https:\/\/yoast.com\/product\/yoast-seo-wordpress\/ -->\n<title>Overview - CAFS KSA<\/title>\n<meta name=\"robots\" content=\"index, follow, max-snippet:-1, max-image-preview:large, max-video-preview:-1\" \/>\n<link rel=\"canonical\" href=\"https:\/\/cafs.org.sa\/fr\/overview\/\" \/>\n<meta property=\"og:locale\" content=\"fr_FR\" \/>\n<meta property=\"og:type\" content=\"article\" \/>\n<meta property=\"og:title\" content=\"Overview - CAFS KSA\" \/>\n<meta property=\"og:description\" content=\"Overview The CAFS, Conseil d\u2019Affaires Franco Saoudien (Saudi-French Business Council), was one of the first business councils registered by Royal Decree under the Saudi Council of Chambers of Commerce in 2003. It was the first Saudi business council to receive the authorisation to open its membership to foreign companies in 2023. It is the place [&hellip;]\" \/>\n<meta property=\"og:url\" content=\"https:\/\/cafs.org.sa\/fr\/overview\/\" \/>\n<meta property=\"og:site_name\" content=\"CAFS KSA\" \/>\n<meta property=\"article:publisher\" content=\"https:\/\/www.facebook.com\/people\/Saudi-French-Business-Council-CAFS\/100090006094494\/\" \/>\n<meta property=\"article:modified_time\" content=\"2023-03-29T08:24:55+00:00\" \/>\n<meta property=\"og:image\" content=\"https:\/\/cafs.org.sa\/wp-content\/uploads\/2023\/03\/Overview-1.jpg\" \/>\n<meta name=\"twitter:card\" content=\"summary_large_image\" \/>\n<meta name=\"twitter:site\" content=\"@SaudiCafs\" \/>\n<meta name=\"twitter:label1\" content=\"Dur\u00e9e de lecture estim\u00e9e\" \/>\n\t<meta name=\"twitter:data1\" content=\"2 minutes\" \/>\n<script type=\"application\/ld+json\" class=\"yoast-schema-graph\">{\"@context\":\"https:\\\/\\\/schema.org\",\"@graph\":[{\"@type\":\"WebPage\",\"@id\":\"https:\\\/\\\/cafs.org.sa\\\/overview\\\/\",\"url\":\"https:\\\/\\\/cafs.org.sa\\\/overview\\\/\",\"name\":\"Overview - CAFS KSA\",\"isPartOf\":{\"@id\":\"https:\\\/\\\/cafs.org.sa\\\/#website\"},\"primaryImageOfPage\":{\"@id\":\"https:\\\/\\\/cafs.org.sa\\\/overview\\\/#primaryimage\"},\"image\":{\"@id\":\"https:\\\/\\\/cafs.org.sa\\\/overview\\\/#primaryimage\"},\"thumbnailUrl\":\"https:\\\/\\\/cafs.org.sa\\\/wp-content\\\/uploads\\\/2023\\\/03\\\/Overview-1.jpg\",\"datePublished\":\"2023-02-28T16:48:48+00:00\",\"dateModified\":\"2023-03-29T08:24:55+00:00\",\"breadcrumb\":{\"@id\":\"https:\\\/\\\/cafs.org.sa\\\/overview\\\/#breadcrumb\"},\"inLanguage\":\"fr-FR\",\"potentialAction\":[{\"@type\":\"ReadAction\",\"target\":[\"https:\\\/\\\/cafs.org.sa\\\/overview\\\/\"]}]},{\"@type\":\"ImageObject\",\"inLanguage\":\"fr-FR\",\"@id\":\"https:\\\/\\\/cafs.org.sa\\\/overview\\\/#primaryimage\",\"url\":\"https:\\\/\\\/cafs.org.sa\\\/wp-content\\\/uploads\\\/2023\\\/03\\\/Overview-1.jpg\",\"contentUrl\":\"https:\\\/\\\/cafs.org.sa\\\/wp-content\\\/uploads\\\/2023\\\/03\\\/Overview-1.jpg\"},{\"@type\":\"BreadcrumbList\",\"@id\":\"https:\\\/\\\/cafs.org.sa\\\/overview\\\/#breadcrumb\",\"itemListElement\":[{\"@type\":\"ListItem\",\"position\":1,\"name\":\"Home\",\"item\":\"https:\\\/\\\/cafs.org.sa\\\/\"},{\"@type\":\"ListItem\",\"position\":2,\"name\":\"Overview\"}]},{\"@type\":\"WebSite\",\"@id\":\"https:\\\/\\\/cafs.org.sa\\\/#website\",\"url\":\"https:\\\/\\\/cafs.org.sa\\\/\",\"name\":\"CAFS\",\"description\":\"\",\"publisher\":{\"@id\":\"https:\\\/\\\/cafs.org.sa\\\/#organization\"},\"potentialAction\":[{\"@type\":\"SearchAction\",\"target\":{\"@type\":\"EntryPoint\",\"urlTemplate\":\"https:\\\/\\\/cafs.org.sa\\\/?s={search_term_string}\"},\"query-input\":{\"@type\":\"PropertyValueSpecification\",\"valueRequired\":true,\"valueName\":\"search_term_string\"}}],\"inLanguage\":\"fr-FR\"},{\"@type\":\"Organization\",\"@id\":\"https:\\\/\\\/cafs.org.sa\\\/#organization\",\"name\":\"Conseil d'Affaires Franco Saoudien (CAFS)\",\"url\":\"https:\\\/\\\/cafs.org.sa\\\/\",\"logo\":{\"@type\":\"ImageObject\",\"inLanguage\":\"fr-FR\",\"@id\":\"https:\\\/\\\/cafs.org.sa\\\/#\\\/schema\\\/logo\\\/image\\\/\",\"url\":\"https:\\\/\\\/cafs.org.sa\\\/wp-content\\\/uploads\\\/2020\\\/07\\\/CAFS-Transparent-background.png\",\"contentUrl\":\"https:\\\/\\\/cafs.org.sa\\\/wp-content\\\/uploads\\\/2020\\\/07\\\/CAFS-Transparent-background.png\",\"width\":2208,\"height\":1470,\"caption\":\"Conseil d'Affaires Franco Saoudien (CAFS)\"},\"image\":{\"@id\":\"https:\\\/\\\/cafs.org.sa\\\/#\\\/schema\\\/logo\\\/image\\\/\"},\"sameAs\":[\"https:\\\/\\\/www.facebook.com\\\/people\\\/Saudi-French-Business-Council-CAFS\\\/100090006094494\\\/\",\"https:\\\/\\\/x.com\\\/SaudiCafs\",\"https:\\\/\\\/www.linkedin.com\\\/company\\\/saudi-french-business-council\\\/\",\"https:\\\/\\\/www.instagram.com\\\/cafs_ksa\\\/\",\"https:\\\/\\\/www.youtube.com\\\/@saudifrenchbusinesscouncilcafs\"]}]}<\/script>\n<!-- \/ Yoast SEO plugin. -->","yoast_head_json":{"title":"Overview - CAFS KSA","robots":{"index":"index","follow":"follow","max-snippet":"max-snippet:-1","max-image-preview":"max-image-preview:large","max-video-preview":"max-video-preview:-1"},"canonical":"https:\/\/cafs.org.sa\/fr\/overview\/","og_locale":"fr_FR","og_type":"article","og_title":"Overview - CAFS KSA","og_description":"Overview The CAFS, Conseil d\u2019Affaires Franco Saoudien (Saudi-French Business Council), was one of the first business councils registered by Royal Decree under the Saudi Council of Chambers of Commerce in 2003. It was the first Saudi business council to receive the authorisation to open its membership to foreign companies in 2023. It is the place [&hellip;]","og_url":"https:\/\/cafs.org.sa\/fr\/overview\/","og_site_name":"CAFS KSA","article_publisher":"https:\/\/www.facebook.com\/people\/Saudi-French-Business-Council-CAFS\/100090006094494\/","article_modified_time":"2023-03-29T08:24:55+00:00","og_image":[{"url":"https:\/\/cafs.org.sa\/wp-content\/uploads\/2023\/03\/Overview-1.jpg","type":"","width":"","height":""}],"twitter_card":"summary_large_image","twitter_site":"@SaudiCafs","twitter_misc":{"Dur\u00e9e de lecture estim\u00e9e":"2 minutes"},"schema":{"@context":"https:\/\/schema.org","@graph":[{"@type":"WebPage","@id":"https:\/\/cafs.org.sa\/overview\/","url":"https:\/\/cafs.org.sa\/overview\/","name":"Overview - CAFS KSA","isPartOf":{"@id":"https:\/\/cafs.org.sa\/#website"},"primaryImageOfPage":{"@id":"https:\/\/cafs.org.sa\/overview\/#primaryimage"},"image":{"@id":"https:\/\/cafs.org.sa\/overview\/#primaryimage"},"thumbnailUrl":"https:\/\/cafs.org.sa\/wp-content\/uploads\/2023\/03\/Overview-1.jpg","datePublished":"2023-02-28T16:48:48+00:00","dateModified":"2023-03-29T08:24:55+00:00","breadcrumb":{"@id":"https:\/\/cafs.org.sa\/overview\/#breadcrumb"},"inLanguage":"fr-FR","potentialAction":[{"@type":"ReadAction","target":["https:\/\/cafs.org.sa\/overview\/"]}]},{"@type":"ImageObject","inLanguage":"fr-FR","@id":"https:\/\/cafs.org.sa\/overview\/#primaryimage","url":"https:\/\/cafs.org.sa\/wp-content\/uploads\/2023\/03\/Overview-1.jpg","contentUrl":"https:\/\/cafs.org.sa\/wp-content\/uploads\/2023\/03\/Overview-1.jpg"},{"@type":"BreadcrumbList","@id":"https:\/\/cafs.org.sa\/overview\/#breadcrumb","itemListElement":[{"@type":"ListItem","position":1,"name":"Home","item":"https:\/\/cafs.org.sa\/"},{"@type":"ListItem","position":2,"name":"Overview"}]},{"@type":"WebSite","@id":"https:\/\/cafs.org.sa\/#website","url":"https:\/\/cafs.org.sa\/","name":"CAFS","description":"","publisher":{"@id":"https:\/\/cafs.org.sa\/#organization"},"potentialAction":[{"@type":"SearchAction","target":{"@type":"EntryPoint","urlTemplate":"https:\/\/cafs.org.sa\/?s={search_term_string}"},"query-input":{"@type":"PropertyValueSpecification","valueRequired":true,"valueName":"search_term_string"}}],"inLanguage":"fr-FR"},{"@type":"Organization","@id":"https:\/\/cafs.org.sa\/#organization","name":"Conseil d'Affaires Franco Saoudien (CAFS)","url":"https:\/\/cafs.org.sa\/","logo":{"@type":"ImageObject","inLanguage":"fr-FR","@id":"https:\/\/cafs.org.sa\/#\/schema\/logo\/image\/","url":"https:\/\/cafs.org.sa\/wp-content\/uploads\/2020\/07\/CAFS-Transparent-background.png","contentUrl":"https:\/\/cafs.org.sa\/wp-content\/uploads\/2020\/07\/CAFS-Transparent-background.png","width":2208,"height":1470,"caption":"Conseil d'Affaires Franco Saoudien (CAFS)"},"image":{"@id":"https:\/\/cafs.org.sa\/#\/schema\/logo\/image\/"},"sameAs":["https:\/\/www.facebook.com\/people\/Saudi-French-Business-Council-CAFS\/100090006094494\/","https:\/\/x.com\/SaudiCafs","https:\/\/www.linkedin.com\/company\/saudi-french-business-council\/","https:\/\/www.instagram.com\/cafs_ksa\/","https:\/\/www.youtube.com\/@saudifrenchbusinesscouncilcafs"]}]}},"_links":{"self":[{"href":"https:\/\/cafs.org.sa\/fr\/wp-json\/wp\/v2\/pages\/5484","targetHints":{"allow":["GET"]}}],"collection":[{"href":"https:\/\/cafs.org.sa\/fr\/wp-json\/wp\/v2\/pages"}],"about":[{"href":"https:\/\/cafs.org.sa\/fr\/wp-json\/wp\/v2\/types\/page"}],"author":[{"embeddable":true,"href":"https:\/\/cafs.org.sa\/fr\/wp-json\/wp\/v2\/users\/2"}],"replies":[{"embeddable":true,"href":"https:\/\/cafs.org.sa\/fr\/wp-json\/wp\/v2\/comments?post=5484"}],"version-history":[{"count":18,"href":"https:\/\/cafs.org.sa\/fr\/wp-json\/wp\/v2\/pages\/5484\/revisions"}],"predecessor-version":[{"id":8966,"href":"https:\/\/cafs.org.sa\/fr\/wp-json\/wp\/v2\/pages\/5484\/revisions\/8966"}],"wp:attachment":[{"href":"https:\/\/cafs.org.sa\/fr\/wp-json\/wp\/v2\/media?parent=5484"}],"curies":[{"name":"wp","href":"https:\/\/api.w.org\/{rel}","templated":true}]}}